{"id":451,"date":"2025-02-02T16:45:47","date_gmt":"2025-02-02T16:45:47","guid":{"rendered":"https:\/\/upstores.net\/?page_id=451"},"modified":"2025-02-02T16:55:37","modified_gmt":"2025-02-02T16:55:37","slug":"about-us","status":"publish","type":"page","link":"https:\/\/upstores.net\/pl\/about-us\/","title":{"rendered":"O nas"},"content":{"rendered":"<p><strong>Legal Disclaimer<\/strong><br \/>\nUpstores.net is an independent website and is <strong>not owned, operated, or affiliated<\/strong> with any file-sharing domain or service. Upstores.net has <strong>no ties, partnerships, or associations<\/strong> with any file-sharing platform in any capacity.<\/p>\n<p>Furthermore, Upstores.net does not host, store, or distribute any files on its servers, except for those necessary to operate and maintain the website.<\/p>\n<p>The purpose of Upstores.net is solely to provide <strong>informational content<\/strong> about Upstore services. Any references, mentions, or descriptions of third-party services on this website are for <strong>informational purposes only<\/strong> and do not constitute an endorsement or affiliation.<\/p>\n<p>If you have any questions regarding this disclaimer, please contact us through our official channels.<\/p>\n","protected":false},"excerpt":{"rendered":"<p>Zastrze\u017cenie prawne Upstores.net jest niezale\u017cn\u0105 stron\u0105 internetow\u0105 i nie jest w\u0142asno\u015bci\u0105, nie jest obs\u0142ugiwana ani powi\u0105zana z \u017cadn\u0105 domen\u0105 ani us\u0142ug\u0105 udost\u0119pniania plik\u00f3w. Upstores.net nie ma \u017cadnych powi\u0105za\u0144, partnerstw ani stowarzysze\u0144 z \u017cadn\u0105 platform\u0105 udost\u0119pniania plik\u00f3w w jakiejkolwiek formie. Ponadto, &hellip;<\/p>\n<p class=\"read-more\"> <a class=\"more-link\" href=\"https:\/\/upstores.net\/pl\/about-us\/\"> <span class=\"screen-reader-text\">O nas<\/span> Czytaj wi\u0119cej  &raquo;<\/a><\/p>\n","protected":false},"author":3,"featured_media":0,"parent":0,"menu_order":55,"comment_status":"closed","ping_status":"closed","template":"full-width-page.php","meta":{"footnotes":""},"class_list":["post-451","page","type-page","status-publish","hentry"],"_links":{"self":[{"href":"https:\/\/upstores.net\/pl\/wp-json\/wp\/v2\/pages\/451","targetHints":{"allow":["GET"]}}],"collection":[{"href":"https:\/\/upstores.net\/pl\/wp-json\/wp\/v2\/pages"}],"about":[{"href":"https:\/\/upstores.net\/pl\/wp-json\/wp\/v2\/types\/page"}],"author":[{"embeddable":true,"href":"https:\/\/upstores.net\/pl\/wp-json\/wp\/v2\/users\/3"}],"replies":[{"embeddable":true,"href":"https:\/\/upstores.net\/pl\/wp-json\/wp\/v2\/comments?post=451"}],"version-history":[{"count":2,"href":"https:\/\/upstores.net\/pl\/wp-json\/wp\/v2\/pages\/451\/revisions"}],"predecessor-version":[{"id":464,"href":"https:\/\/upstores.net\/pl\/wp-json\/wp\/v2\/pages\/451\/revisions\/464"}],"wp:attachment":[{"href":"https:\/\/upstores.net\/pl\/wp-json\/wp\/v2\/media?parent=451"}],"curies":[{"name":"wp","href":"https:\/\/api.w.org\/{rel}","templated":true}]}}