{"id":2,"date":"2016-04-13T08:21:21","date_gmt":"2016-04-13T08:21:21","guid":{"rendered":"http:\/\/www.upstores.net\/?page_id=2"},"modified":"2023-03-22T01:48:18","modified_gmt":"2023-03-22T01:48:18","slug":"register","status":"publish","type":"page","link":"https:\/\/upstores.net\/pl\/register\/","title":{"rendered":"ZAREJESTRUJ SI\u0118"},"content":{"rendered":"<p>The easiest way to register, input your email and click the sign me up button, also available the Sign in through social networks like Facebook, Twitter, Google and Vkontakte.<\/p>\n<div class=\"call-to-action\" style=\"text-align: left;\"><a class=\"blue button\" href=\"https:\/\/upstores.net\/registration\">Register<\/a><\/div>\n<div class=\"call-to-action\" style=\"text-align: left;\"><\/div>\n<div class=\"call-to-action\" style=\"text-align: left;\"><\/div>\n<div style=\"width: 605px;\" class=\"wp-video\"><video class=\"wp-video-shortcode\" id=\"video-2-1\" width=\"605\" height=\"303\" preload=\"metadata\" controls=\"controls\"><source type=\"video\/mp4\" src=\"https:\/\/upstores.net\/wp-content\/uploads\/2016\/04\/upstore_registration.mp4?_=1\" \/><a href=\"https:\/\/upstores.net\/wp-content\/uploads\/2016\/04\/upstore_registration.mp4\">https:\/\/upstores.net\/wp-content\/uploads\/2016\/04\/upstore_registration.mp4<\/a><\/video><\/div>\n<p>Free Account<br \/>\nSlow speed<br \/>\nOne file, one thread<br \/>\nWait to download again<br \/>\nCaptcha<br \/>\nWait your turn<br \/>\nDownload link will expire soon<br \/>\nDownload files up to 2 GB<br \/>\nUpload files up to 2 GB<br \/>\nLimited lifetime storage<\/p>\n<p>Premium Account<br \/>\nHigh speed downloads<br \/>\nUnlimited parallel downloads<br \/>\nDownload without delay<br \/>\nNo captcha<br \/>\n1-click download<br \/>\nNo download timeout<br \/>\nDownload any files<br \/>\nUpload files up to 5 GB<br \/>\nFiles kept on server forever<\/p>\n","protected":false},"excerpt":{"rendered":"<p>Naj\u0142atwiejszy spos\u00f3b na rejestracj\u0119, wpisanie adresu e-mail i klikni\u0119cie przycisku zarejestruj si\u0119, dost\u0119pny r\u00f3wnie\u017c za po\u015brednictwem sieci spo\u0142eczno\u015bciowych, takich jak Facebook, Twitter, Google i Vkontakte. ZAREJESTRUJ SI\u0118 Darmowe konto Niska pr\u0119dko\u015b\u0107 Jeden plik, jeden w\u0105tek Poczekaj na ponowne pobranie Captcha &hellip;<\/p>\n<p class=\"read-more\"> <a class=\"more-link\" href=\"https:\/\/upstores.net\/pl\/register\/\"> <span class=\"screen-reader-text\">ZAREJESTRUJ SI\u0118<\/span> Czytaj wi\u0119cej  &raquo;<\/a><\/p>\n","protected":false},"author":1,"featured_media":0,"parent":0,"menu_order":2,"comment_status":"closed","ping_status":"open","template":"","meta":{"footnotes":""},"class_list":["post-2","page","type-page","status-publish","hentry"],"_links":{"self":[{"href":"https:\/\/upstores.net\/pl\/wp-json\/wp\/v2\/pages\/2","targetHints":{"allow":["GET"]}}],"collection":[{"href":"https:\/\/upstores.net\/pl\/wp-json\/wp\/v2\/pages"}],"about":[{"href":"https:\/\/upstores.net\/pl\/wp-json\/wp\/v2\/types\/page"}],"author":[{"embeddable":true,"href":"https:\/\/upstores.net\/pl\/wp-json\/wp\/v2\/users\/1"}],"replies":[{"embeddable":true,"href":"https:\/\/upstores.net\/pl\/wp-json\/wp\/v2\/comments?post=2"}],"version-history":[{"count":26,"href":"https:\/\/upstores.net\/pl\/wp-json\/wp\/v2\/pages\/2\/revisions"}],"predecessor-version":[{"id":255,"href":"https:\/\/upstores.net\/pl\/wp-json\/wp\/v2\/pages\/2\/revisions\/255"}],"wp:attachment":[{"href":"https:\/\/upstores.net\/pl\/wp-json\/wp\/v2\/media?parent=2"}],"curies":[{"name":"wp","href":"https:\/\/api.w.org\/{rel}","templated":true}]}}