{"id":33,"date":"2016-04-16T12:28:36","date_gmt":"2016-04-16T12:28:36","guid":{"rendered":"http:\/\/www.upstores.net\/?page_id=33"},"modified":"2023-03-22T01:46:46","modified_gmt":"2023-03-22T01:46:46","slug":"news","status":"publish","type":"page","link":"https:\/\/upstores.net\/fr\/news\/","title":{"rendered":"Bulletin"},"content":{"rendered":"<p>04.15.2016<br \/>\nStorage capability for registered and premium users has been limited to max 10TB<\/p>\n","protected":false},"excerpt":{"rendered":"<p>04.15.2016 La capacit\u00e9 de stockage pour les utilisateurs enregistr\u00e9s et premium a \u00e9t\u00e9 limit\u00e9e \u00e0 10 To maximum<\/p>\n","protected":false},"author":1,"featured_media":0,"parent":0,"menu_order":4,"comment_status":"closed","ping_status":"closed","template":"","meta":{"footnotes":""},"class_list":["post-33","page","type-page","status-publish","hentry"],"_links":{"self":[{"href":"https:\/\/upstores.net\/fr\/wp-json\/wp\/v2\/pages\/33","targetHints":{"allow":["GET"]}}],"collection":[{"href":"https:\/\/upstores.net\/fr\/wp-json\/wp\/v2\/pages"}],"about":[{"href":"https:\/\/upstores.net\/fr\/wp-json\/wp\/v2\/types\/page"}],"author":[{"embeddable":true,"href":"https:\/\/upstores.net\/fr\/wp-json\/wp\/v2\/users\/1"}],"replies":[{"embeddable":true,"href":"https:\/\/upstores.net\/fr\/wp-json\/wp\/v2\/comments?post=33"}],"version-history":[{"count":10,"href":"https:\/\/upstores.net\/fr\/wp-json\/wp\/v2\/pages\/33\/revisions"}],"predecessor-version":[{"id":257,"href":"https:\/\/upstores.net\/fr\/wp-json\/wp\/v2\/pages\/33\/revisions\/257"}],"wp:attachment":[{"href":"https:\/\/upstores.net\/fr\/wp-json\/wp\/v2\/media?parent=33"}],"curies":[{"name":"wp","href":"https:\/\/api.w.org\/{rel}","templated":true}]}}