{"id":16,"date":"2016-04-13T19:57:56","date_gmt":"2016-04-13T19:57:56","guid":{"rendered":"http:\/\/www.upstores.net\/?page_id=16"},"modified":"2023-12-20T22:32:01","modified_gmt":"2023-12-20T22:32:01","slug":"premium-account","status":"publish","type":"page","link":"https:\/\/upstores.net\/de\/premium-account\/","title":{"rendered":"Premium-Pl\u00e4ne"},"content":{"rendered":"<p><strong>Enjoy premium benefits<\/strong>:<br \/>\n1-click download without any delay<br \/>\nDownload speed up to 1000 Mbps ( depends on your internet connection bandwidth )<br \/>\nDownload accelerators support ( <a href=\"https:\/\/jdownloader.org\" target=\"_blank\" rel=\"noopener noreferrer\">jDownloader<\/a> and <a href=\"https:\/\/www.internetdownloadmanager.com\/\" target=\"_blank\" rel=\"noopener noreferrer\">Internet Download Manager<\/a> )<br \/>\nUnlimited, safe and secure storage<\/p>\n<p><strong>Subscriptions plans available<\/strong>:<br \/>\n<strong>1 month<\/strong> + 3 bonus days <strong>16<\/strong>\u20ac 0.48\u20ac\/day<br \/>\n<strong>3 months<\/strong> <strong>33<\/strong>\u20ac 0.37\u20ac\/day<br \/>\n<strong>6 months<\/strong> <strong>59<\/strong>\u20ac 0.32\u20ac\/day<br \/>\n<strong>1 year<\/strong> <strong>99<\/strong>\u20ac 0.27\u20ac\/day<\/p>\n<p><strong>Payment options<\/strong>:<\/p>\n<p>Visa, Visa Electron, Mastercard, Maestro, Gift Card, <a href=\"https:\/\/www.cashu.com\" target=\"_blank\" rel=\"noopener noreferrer\">cashU<\/a>, <a href=\"https:\/\/secure.safetypay.com\" target=\"_blank\" rel=\"noopener noreferrer\">SafetyPay<\/a>, Wire Transfer, <a href=\"https:\/\/www.paysera.com\/index.html\" target=\"_blank\" rel=\"noopener noreferrer\">PaySera<\/a>, BitCoin, <a href=\"https:\/\/www.alipay.com\" target=\"_blank\" rel=\"noopener noreferrer\">AlyPay<\/a>, <a href=\"https:\/\/www.paysafecard.com\" target=\"_blank\" rel=\"noopener noreferrer\">PaySafe<\/a>, <a href=\"https:\/\/www.wmtransfer.com\" target=\"_blank\" rel=\"noopener noreferrer\">WebMoney<\/a>, <a href=\"https:\/\/www.paymer.com\/wa3\/\" target=\"_blank\" rel=\"noopener noreferrer\">Paymer Check<\/a>, <a href=\"https:\/\/money.yandex.ru\" target=\"_blank\" rel=\"noopener noreferrer\">Yandex Money<\/a>, <a href=\"https:\/\/www.robokassa.ru\/en\/\" target=\"_blank\" rel=\"noopener noreferrer\">RoboKassa<\/a>, <a href=\"https:\/\/www.moneta.ru\" target=\"_blank\" rel=\"noopener noreferrer\">Moneta<\/a>, Bitcoin Cash, LiteCoin, DogeCoin, Tether USDT, Ethereum <\/p>\n<p><span class='maxbutton-1-container mb-container'><a class=\"maxbutton-1 maxbutton maxbutton-goto\" rel=\"nofollow noopener\" href=\"http:\/\/upstores.net\/gopremium\"><span class='mb-text'>Upstore Premium<\/span><\/a><\/span><br \/>\nNOTE: If you sign up for an Upstore premium plan &#8218;<strong>1 month + 3 bonus days<\/strong>&#8218; or &#8218;<strong>3 months<\/strong>&#8218; Service, your subscription continues to bill monthly (or each 3 months) until you cancel it.<\/p>\n<p>&nbsp;<br \/>\nWelcome to Upstore, your premier destination for secure and efficient file hosting. Unlock a world of enhanced features and unparalleled convenience with our premium plans. Choose the plan that suits your needs and experience a new level of file sharing.<\/p>\n<p>Premium Plans<br \/>\n1. 1 Month + 3 Bonus Days &#8211; \u20ac16<br \/>\nCost per Day: \u20ac0.48<br \/>\nBenefits:<br \/>\n1-click download without delay<br \/>\nDownload speed \u2014 up to 1000 Mbps<br \/>\nDownload accelerators support<br \/>\nUnlimited, safe, and secure storage<br \/>\n2. 3 Months &#8211; \u20ac33<br \/>\nCost per Day: \u20ac0.37<br \/>\nBenefits:<br \/>\nHigh-speed downloads<br \/>\nParallel downloads<br \/>\nDownload without delay<br \/>\nNo captcha<br \/>\n1-click download<br \/>\n3. 6 Months &#8211; \u20ac59<br \/>\nCost per Day: \u20ac0.32<br \/>\nBenefits:<br \/>\nNo download timeout<br \/>\nDownload any files<br \/>\nUpload files up to 5 GB<br \/>\nFiles kept on the server forever<br \/>\n4. 1 Year &#8211; \u20ac99<br \/>\nCost per Day: \u20ac0.27<br \/>\nBenefits:<br \/>\nAge confirmed during the payment<br \/>\nPremium Benefits<br \/>\n1-Click Download without Delay<\/p>\n<p>Enjoy the convenience of instant downloads with just one click.<br \/>\nDownload Speed \u2014 Up to 1000 Mbps<\/p>\n<p>Experience lightning-fast download speeds for quick access to your files.<br \/>\nDownload Accelerators Support<\/p>\n<p>Boost your download speed even further with support for download accelerators.<br \/>\nUnlimited, Safe, and Secure Storage<\/p>\n<p>Safely store an unlimited number of files with enhanced security features.<br \/>\nHigh-Speed Downloads<\/p>\n<p>Say goodbye to slow downloads and enjoy high-speed file transfers.<br \/>\nParallel Downloads<\/p>\n<p>Download multiple files simultaneously for improved efficiency.<br \/>\nDownload without Delay<\/p>\n<p>No more waiting \u2013 start your downloads instantly without delays.<br \/>\nNo Captcha<\/p>\n<p>Skip the hassle of captcha verification for a seamless download experience.<br \/>\n1-Click Download<\/p>\n<p>Simplify your file downloading process with a single click.<br \/>\nNo Download Timeout<\/p>\n<p>Download files without any time restrictions.<br \/>\nDownload Any Files<\/p>\n<p>Access and download a wide variety of file types with ease.<br \/>\nUpload Files Up to 5 GB<\/p>\n<p>Share large files effortlessly by uploading files up to 5 GB in size.<br \/>\nFiles Kept on Server Forever<\/p>\n<p>Your files will be securely stored on our servers indefinitely.<br \/>\nAge Confirmed During the Payment<\/p>\n<p>Ensure age verification during the payment process for added security.<br \/>\nUpgrade to Upstore Premium today and enjoy a seamless, secure, and accelerated file hosting experience. Elevate your file sharing journey \u2013 Choose your plan now!<\/p>\n<div class=\"lyte-wrapper fourthree\" style=\"width:420px;max-width:100%;margin:5px;\"><div class=\"lyMe\" id=\"WYL_a5HQgd8aJpc\"><div id=\"lyte_a5HQgd8aJpc\" data-src=\"https:\/\/upstores.net\/wp-content\/plugins\/wp-youtube-lyte\/lyteCache.php?origThumbUrl=%2F%2Fi.ytimg.com%2Fvi%2Fa5HQgd8aJpc%2Fhqdefault.jpg\" class=\"pL\"><div class=\"tC\"><div class=\"tT\"><\/div><\/div><div class=\"play\"><\/div><div class=\"ctrl\"><div class=\"Lctrl\"><\/div><div class=\"Rctrl\"><\/div><\/div><\/div><noscript><a href=\"https:\/\/youtu.be\/a5HQgd8aJpc\" rel=\"nofollow\"><img loading=\"lazy\" decoding=\"async\" src=\"https:\/\/upstores.net\/wp-content\/plugins\/wp-youtube-lyte\/lyteCache.php?origThumbUrl=https%3A%2F%2Fi.ytimg.com%2Fvi%2Fa5HQgd8aJpc%2F0.jpg\" alt=\"YouTube-Video-Vorschaubild\" width=\"420\" height=\"295\" \/><br \/>Dieses Video auf YouTube ansehen<\/a><\/noscript><\/div><\/div><div class=\"lL\" style=\"max-width:100%;width:420px;margin:5px;\"><\/div>\n","protected":false},"excerpt":{"rendered":"<p>Profitieren Sie von Premium-Vorteilen: 1-Klick-Download ohne Verz\u00f6gerung Download-Geschwindigkeit bis zu 1000 Mbit \/ s (abh\u00e4ngig von der Bandbreite Ihrer Internetverbindung) Unterst\u00fctzung f\u00fcr Download-Beschleuniger (jDownloader und Internet Download Manager) Unbegrenzte, sichere Lagerung Abonnementpl\u00e4ne verf\u00fcgbar: 1 Monat + 3 Bonus-Tage 16 \u20ac &hellip;<\/p>\n<p class=\"read-more\"> <a class=\"more-link\" href=\"https:\/\/upstores.net\/de\/premium-account\/\"> <span class=\"screen-reader-text\">Premium-Pl\u00e4ne<\/span> Read More &raquo;<\/a><\/p>\n","protected":false},"author":1,"featured_media":0,"parent":0,"menu_order":1,"comment_status":"closed","ping_status":"closed","template":"","meta":{"footnotes":""},"class_list":["post-16","page","type-page","status-publish","hentry"],"_links":{"self":[{"href":"https:\/\/upstores.net\/de\/wp-json\/wp\/v2\/pages\/16","targetHints":{"allow":["GET"]}}],"collection":[{"href":"https:\/\/upstores.net\/de\/wp-json\/wp\/v2\/pages"}],"about":[{"href":"https:\/\/upstores.net\/de\/wp-json\/wp\/v2\/types\/page"}],"author":[{"embeddable":true,"href":"https:\/\/upstores.net\/de\/wp-json\/wp\/v2\/users\/1"}],"replies":[{"embeddable":true,"href":"https:\/\/upstores.net\/de\/wp-json\/wp\/v2\/comments?post=16"}],"version-history":[{"count":49,"href":"https:\/\/upstores.net\/de\/wp-json\/wp\/v2\/pages\/16\/revisions"}],"predecessor-version":[{"id":401,"href":"https:\/\/upstores.net\/de\/wp-json\/wp\/v2\/pages\/16\/revisions\/401"}],"wp:attachment":[{"href":"https:\/\/upstores.net\/de\/wp-json\/wp\/v2\/media?parent=16"}],"curies":[{"name":"wp","href":"https:\/\/api.w.org\/{rel}","templated":true}]}}